{"id":4953,"date":"2020-04-21T09:57:44","date_gmt":"2020-04-21T07:57:44","guid":{"rendered":"https:\/\/pellas.ch\/feiern-tagen\/"},"modified":"2025-07-06T17:19:41","modified_gmt":"2025-07-06T15:19:41","slug":"feiern-tagen","status":"publish","type":"page","link":"https:\/\/pellas.ch\/en\/feiern-tagen\/","title":{"rendered":"Celebrations &#038; Events"},"content":{"rendered":"<div class=\"wpb-content-wrapper\"><p>[vc_row row_padding_top=&#8221;padding_top_1-4&#8243; row_padding_bottom=&#8221;padding_bottom_1-4&#8243;][vc_column width=&#8221;5\/6&#8243; boxed=&#8221;boxed&#8221; offset=&#8221;vc_col-sm-offset-1&#8243;]<div class=\"heading_group_sc wpb_content_element subtitle_bottom    text-center\">\n\n\n    <h1>OUR OFFERS<\/h1>\n\n\n        <span class=\"subtitle\">DETAILS ARE IMPORTANT TO US<\/span>\n\n<\/div>[vc_row_inner][vc_column_inner width=&#8221;1\/2&#8243;][vc_btn title=&#8221;BANQUET DOCUMENTS A-Z&#8221; style=&#8221;custom&#8221; custom_background=&#8221;#e530bb&#8221; custom_text=&#8221;#ffffff&#8221; align=&#8221;center&#8221; css=&#8221;&#8221; link=&#8221;url:https%3A%2F%2Fpellas.ch%2Fwp-content%2Fuploads%2F2025%2F07%2FBANKETTUNTERLAGEN-A-Z-ENGLISCH.pdf|target:_blank&#8221;][\/vc_column_inner][vc_column_inner width=&#8221;1\/2&#8243;][vc_btn title=&#8221;SEMINAR PRICES&#8221; style=&#8221;custom&#8221; custom_background=&#8221;#e530bb&#8221; custom_text=&#8221;#ffffff&#8221; align=&#8221;center&#8221; css=&#8221;&#8221; link=&#8221;url:https%3A%2F%2Fpellas.ch%2Fwp-content%2Fuploads%2F2024%2F07%2FSeminarpreise.pdf|target:_blank&#8221;][\/vc_column_inner][\/vc_row_inner][vc_row_inner][vc_column_inner][vc_btn title=&#8221;OUR MENU SUGGESTIONS FOR YOUR EVENT&#8221; style=&#8221;custom&#8221; custom_background=&#8221;#e530bb&#8221; custom_text=&#8221;#ffffff&#8221; align=&#8221;center&#8221; css=&#8221;&#8221; link=&#8221;url:https%3A%2F%2Fpellas.ch%2Fwp-content%2Fuploads%2F2024%2F08%2FBanket-Neu2024.pdf|target:_blank&#8221;][\/vc_column_inner][\/vc_row_inner][vc_column_text css=&#8221;&#8221;]<\/p>\n<p style=\"text-align: center;\">THERE ARE MANY VENUES. WE TAKE YOUR REQUEST PERSONALLY AND TAKE CARE OF EVERYTHING FROM A-Z TO ENSURE A SUCCESSFUL EVENT. WE LOVE TO ORGANIZE EXTRAORDINARY PARTIES AND MEETINGS. WANT TO CELEBRATE?<br \/>\nUP TO 300 PEOPLE POSSIBLE.<\/p>\n<p>[\/vc_column_text][vc_empty_space height=&#8221;20px&#8221;][\/vc_column][\/vc_row][vc_row full_width=&#8221;stretch_row&#8221; color_set=&#8221;white_section&#8221; css=&#8221;.vc_custom_1587455370519{background-color: #222222 !important;}&#8221;][vc_column][\/vc_column][vc_column width=&#8221;2\/3&#8243; offset=&#8221;vc_col-sm-offset-2&#8243;]<div class=\"heading_group_sc wpb_content_element subtitle_bottom white-text   text-center\">\n\n\n    \n\n        <span class=\"subtitle\"><\/span>\n\n<\/div>[vc_column_text][\/vc_column_text][vc_row_inner row_padding_top=&#8221;padding_top_none&#8221;][vc_column_inner][vc_icon icon_fontawesome=&#8221;fa fa-phone&#8221; color=&#8221;custom&#8221; size=&#8221;lg&#8221; align=&#8221;center&#8221; custom_color=&#8221;#ffffff&#8221;][vc_column_text el_class=&#8221;white-text&#8221;]<\/p>\n<h5 style=\"text-align: center;\">TISCHRESERVATION PER TELEFON<\/h5>\n<p style=\"text-align: center;\"><a href=\"tel:+41819311507\">+41 81 931 15 07<\/a><\/p>\n<p style=\"text-align: center;\"><button class=\"caldera-forms-modal\" data-form=\"CF5eafc97a6bfdc\"data-remodal-target=\"cf-modal-CF5eafc97a6bfdc69d390f28b61d\" title=\"Click to open the form Anfrage in a modal\">Anfrage <\/button><\/p>\n<p>[\/vc_column_text][\/vc_column_inner][\/vc_row_inner][\/vc_column][\/vc_row][vc_row full_width=&#8221;stretch_row_content_no_spaces&#8221; content_placement=&#8221;middle&#8221; row_padding_top=&#8221;padding_top_none&#8221; row_padding_bottom=&#8221;padding_bottom_none&#8221; css=&#8221;.vc_custom_1587455603038{background-color: #000000 !important;}&#8221;][vc_column width=&#8221;1\/2&#8243; offset=&#8221;vc_col-lg-8 vc_col-md-7&#8243; css=&#8221;.vc_custom_1588520297801{background: #eaeaea url(https:\/\/pellas.ch\/wp-content\/uploads\/2020\/05\/9C36A1DF-0B72-4D94-88F1-EE3809EB45D3.jpeg?id=2520) !important;background-position: center !important;background-repeat: no-repeat !important;background-size: cover !important;}&#8221;][vc_empty_space height=&#8221;300px&#8221;][vc_empty_space height=&#8221;200px&#8221; el_class=&#8221;hidden-xs hidden-sm hidden-md&#8221;][vc_empty_space height=&#8221;100px&#8221; el_class=&#8221;hidden-xs&#8221;][vc_empty_space height=&#8221;100px&#8221; el_class=&#8221;hidden-xs hidden-sm&#8221;][\/vc_column][vc_column width=&#8221;1\/2&#8243; color_set=&#8221;dark_section&#8221; align=&#8221;text-left&#8221; boxed=&#8221;boxed_plus&#8221; el_class=&#8221;col-md-pull-1&#8243; offset=&#8221;vc_col-lg-4 vc_col-md-5&#8243;]<div class=\"heading_group_sc wpb_content_element subtitle_top white-text   text-left\">\n\n        <span class=\"subtitle\">LET'S CELEBRATE<\/span>\n\n    <h1>YOUR EVENT WITH US<\/h1>\n\n\n\n<\/div>[vc_column_text css=&#8221;&#8221; el_class=&#8221;white-text&#8221;]Are you looking for a suitable location for your birthday, wedding, anniversary or family celebration? You&#8217;ve come to the right place! Our restaurant has 100 seats, a bar with two tavolata tables for 25 people each, a fondue room for 15 people and a fantastic sun terrace with 300 seats. Plenty of options for your celebration. And best of all: parking is free and your guests can stay overnight in our hotel.[\/vc_column_text][\/vc_column][\/vc_row][vc_row full_width=&#8221;stretch_row&#8221; disable_element=&#8221;yes&#8221; color_set=&#8221;white_section&#8221; row_padding_bottom=&#8221;padding_bottom_none&#8221; css=&#8221;.vc_custom_1588520377978{background-color: #222222 !important;}&#8221;][vc_column]<div class=\"heading_group_sc wpb_content_element subtitle_bottom white-text   text-center\">\n\n\n    <h1>UNSERE KULINARIK<\/h1>\n\n\n        <span class=\"subtitle\">F\u00dcR JEDEN ETWAS DABEI<\/span>\n\n<\/div>[\/vc_column][\/vc_row][vc_row full_width=&#8221;stretch_row&#8221; content_placement=&#8221;middle&#8221; disable_element=&#8221;yes&#8221; color_set=&#8221;white_section&#8221; row_padding_top=&#8221;padding_top_none&#8221; row_padding_bottom=&#8221;padding_bottom_none&#8221; css=&#8221;.vc_custom_1588520425805{background-color: #222222 !important;}&#8221;][vc_column width=&#8221;1\/2&#8243; el_class=&#8221;col-sm-push-6&#8243;][vc_single_image image=&#8221;1895&#8243; img_size=&#8221;large&#8221;][\/vc_column][vc_column width=&#8221;1\/2&#8243; el_class=&#8221;col-sm-pull-6&#8243;]<div class=\"heading_group_sc wpb_content_element subtitle_top white-text   text-left\">\n\n        <span class=\"subtitle\">FEIN &amp; SCHNELL<\/span>\n\n    <h2><strong>MITTAGSTISCH<\/strong><\/h2>\n\n\n\n<\/div>[vc_column_text el_class=&#8221;white-text&#8221;]Zwischen all den Aktivit\u00e4ten sollst du dir ab und zu auch eine Pause g\u00f6nnen und dich st\u00e4rken. Unser Mittagsmen\u00fc unter der Woche ist gut und g\u00fcnstig und gibt dir Energie f\u00fcr den Rest des Tages. Ausserdem empfehlen wir dir unsere hausgemachten Kuchen zu probieren.[\/vc_column_text]<div class=\"plethora_button wpb_content_element   text-left \">\n    <a href=\"#\" class=\" btn-link btn-default  \" title=\"\"  target=\"_self\">\n\n        \n        \u00c0 LA CARTE\n        \n\n    <\/a>\n<\/div>[\/vc_column][\/vc_row][vc_row full_width=&#8221;stretch_row&#8221; content_placement=&#8221;middle&#8221; disable_element=&#8221;yes&#8221; color_set=&#8221;white_section&#8221; row_padding_top=&#8221;padding_top_none&#8221; row_padding_bottom=&#8221;padding_bottom_none&#8221; css=&#8221;.vc_custom_1588520436756{padding-bottom: 50px !important;background-color: #222222 !important;}&#8221;][vc_column width=&#8221;1\/2&#8243;][vc_single_image image=&#8221;1889&#8243; img_size=&#8221;large&#8221;][\/vc_column][vc_column width=&#8221;1\/2&#8243;]<div class=\"heading_group_sc wpb_content_element subtitle_top white-text   text-left\">\n\n        <span class=\"subtitle\">GEDIEGEN &amp; KREATIV<\/span>\n\n    <h2>ABENDESSEN<\/h2>\n\n\n\n<\/div>[vc_column_text el_class=&#8221;white-text&#8221;]Ein aktiver Tag in den Bergen macht ganz sch\u00f6n hungrig. Deshalb servieren wir nebst dem Men\u00fc f\u00fcr Halbpensionsg\u00e4ste viele K\u00f6stlichkeiten \u00e0 la carte. Regionale Spezialit\u00e4ten aber auch Gerichte rund um den Globus erwarten dich.[\/vc_column_text]<div class=\"plethora_button wpb_content_element   text-left \">\n    <a href=\"#\" class=\" btn-link btn-default  \" title=\"\"  target=\"_self\">\n\n        \n        \u00c0 LA CARTE\n        \n\n    <\/a>\n<\/div>[\/vc_column][\/vc_row][vc_row full_width=&#8221;stretch_row_content&#8221;][vc_column]<div class=\"heading_group_sc wpb_content_element subtitle_bottom    text-center\">\n\n\n    <h2>Veranstaltungen<\/h2>\n\n\n        <span class=\"subtitle\">Feiern und Erleben<\/span>\n\n<\/div>[vc_basic_grid post_type=&#8221;tribe_events&#8221; max_items=&#8221;6&#8243; orderby=&#8221;meta_value&#8221; order=&#8221;ASC&#8221; item=&#8221;2562&#8243; grid_id=&#8221;vc_gid:1751815165526-751dde64-5f00-3&#8243; meta_key=&#8221;_EventStartDate&#8221; el_class=&#8221;veranstaltungsgrid&#8221;][\/vc_column][\/vc_row]<\/p>\n<\/div>","protected":false},"excerpt":{"rendered":"<p>[vc_row row_padding_top=&#8221;padding_top_1-4&#8243; row_padding_bottom=&#8221;padding_bottom_1-4&#8243;][vc_column width=&#8221;5\/6&#8243; boxed=&#8221;boxed&#8221; offset=&#8221;vc_col-sm-offset-1&#8243;][vc_row_inner][vc_column_inner width=&#8221;1\/2&#8243;][vc_btn title=&#8221;BANQUET DOCUMENTS A-Z&#8221; style=&#8221;custom&#8221; custom_background=&#8221;#e530bb&#8221; custom_text=&#8221;#ffffff&#8221; align=&#8221;center&#8221; css=&#8221;&#8221; link=&#8221;url:https%3A%2F%2Fpellas.ch%2Fwp-content%2Fuploads%2F2025%2F07%2FBANKETTUNTERLAGEN-A-Z-ENGLISCH.pdf|target:_blank&#8221;][\/vc_column_inner][vc_column_inner width=&#8221;1\/2&#8243;][vc_btn title=&#8221;SEMINAR PRICES&#8221; style=&#8221;custom&#8221; custom_background=&#8221;#e530bb&#8221; custom_text=&#8221;#ffffff&#8221; align=&#8221;center&#8221; css=&#8221;&#8221; link=&#8221;url:https%3A%2F%2Fpellas.ch%2Fwp-content%2Fuploads%2F2024%2F07%2FSeminarpreise.pdf|target:_blank&#8221;][\/vc_column_inner][\/vc_row_inner][vc_row_inner][vc_column_inner][vc_btn title=&#8221;OUR MENU SUGGESTIONS FOR YOUR [&hellip;]<\/p>\n","protected":false},"author":1,"featured_media":4596,"parent":0,"menu_order":8,"comment_status":"closed","ping_status":"closed","template":"","meta":{"_acf_changed":false,"footnotes":""},"class_list":["post-4953","page","type-page","status-publish","has-post-thumbnail","hentry"],"acf":[],"publishpress_future_action":{"enabled":false,"date":"2026-04-13 12:54:42","action":"change-status","newStatus":"draft","terms":[],"taxonomy":"translation_priority","extraData":[]},"publishpress_future_workflow_manual_trigger":{"enabledWorkflows":[]},"_links":{"self":[{"href":"https:\/\/pellas.ch\/en\/wp-json\/wp\/v2\/pages\/4953","targetHints":{"allow":["GET"]}}],"collection":[{"href":"https:\/\/pellas.ch\/en\/wp-json\/wp\/v2\/pages"}],"about":[{"href":"https:\/\/pellas.ch\/en\/wp-json\/wp\/v2\/types\/page"}],"author":[{"embeddable":true,"href":"https:\/\/pellas.ch\/en\/wp-json\/wp\/v2\/users\/1"}],"replies":[{"embeddable":true,"href":"https:\/\/pellas.ch\/en\/wp-json\/wp\/v2\/comments?post=4953"}],"version-history":[{"count":5,"href":"https:\/\/pellas.ch\/en\/wp-json\/wp\/v2\/pages\/4953\/revisions"}],"predecessor-version":[{"id":5136,"href":"https:\/\/pellas.ch\/en\/wp-json\/wp\/v2\/pages\/4953\/revisions\/5136"}],"wp:featuredmedia":[{"embeddable":true,"href":"https:\/\/pellas.ch\/en\/wp-json\/wp\/v2\/media\/4596"}],"wp:attachment":[{"href":"https:\/\/pellas.ch\/en\/wp-json\/wp\/v2\/media?parent=4953"}],"curies":[{"name":"wp","href":"https:\/\/api.w.org\/{rel}","templated":true}]}}