{"id":4952,"date":"2016-11-24T18:10:10","date_gmt":"2016-11-24T17:10:10","guid":{"rendered":"https:\/\/pellas.ch\/essen-trinken\/"},"modified":"2026-03-17T11:25:20","modified_gmt":"2026-03-17T10:25:20","slug":"essen-trinken","status":"publish","type":"page","link":"https:\/\/pellas.ch\/en\/essen-trinken\/","title":{"rendered":"Food &#038; Drinks"},"content":{"rendered":"<div class=\"wpb-content-wrapper\"><p>[vc_row row_padding_top=&#8221;padding_top_1-4&#8243; row_padding_bottom=&#8221;padding_bottom_1-4&#8243;][vc_column width=&#8221;5\/6&#8243; boxed=&#8221;boxed&#8221; offset=&#8221;vc_col-sm-offset-1&#8243;]<div class=\"heading_group_sc wpb_content_element subtitle_bottom    text-center\">\n\n\n    <h1>OUR RESTAURANT<\/h1>\n\n\n        <span class=\"subtitle\">PREPARED WITH LOVE<\/span>\n\n<\/div>[vc_row_inner][vc_column_inner width=&#8221;1\/4&#8243;][vc_btn title=&#8221;LUNCH MENU&#8221; style=&#8221;custom&#8221; custom_background=&#8221;#e530bb&#8221; custom_text=&#8221;#ffffff&#8221; align=&#8221;center&#8221; css=&#8221;&#8221; link=&#8221;target:_blank&#8221;][\/vc_column_inner][vc_column_inner width=&#8221;1\/4&#8243;][vc_btn title=&#8221;DINNING MENU&#8221; style=&#8221;custom&#8221; custom_background=&#8221;#e530bb&#8221; custom_text=&#8221;#ffffff&#8221; align=&#8221;center&#8221; css=&#8221;&#8221; link=&#8221;target:_blank&#8221;][\/vc_column_inner][vc_column_inner width=&#8221;1\/4&#8243;][vc_btn title=&#8221;CHILDREN&#8217;S MENU&#8221; style=&#8221;custom&#8221; custom_background=&#8221;#e530bb&#8221; custom_text=&#8221;#ffffff&#8221; align=&#8221;center&#8221; css=&#8221;&#8221; link=&#8221;target:_blank&#8221;][\/vc_column_inner][vc_column_inner width=&#8221;1\/4&#8243;][vc_btn title=&#8221;WINE CARD&#8221; style=&#8221;custom&#8221; custom_background=&#8221;#e530bb&#8221; custom_text=&#8221;#ffffff&#8221; align=&#8221;center&#8221; css=&#8221;&#8221; link=&#8221;target:_blank&#8221;][\/vc_column_inner][\/vc_row_inner][vc_row_inner disable_element=&#8221;yes&#8221;][vc_column_inner][vc_btn title=&#8221;UNSERE MEN\u00dcVORSCHL\u00c4GE F\u00dcR IHR FEST&#8221; style=&#8221;custom&#8221; custom_background=&#8221;#e530bb&#8221; custom_text=&#8221;#ffffff&#8221; align=&#8221;center&#8221; link=&#8221;url:https%3A%2F%2Fpellas.ch%2Fwp-content%2Fuploads%2F2018%2F11%2FMenuevorschlaege.1.pdf||target:%20_blank|&#8221;][\/vc_column_inner][\/vc_row_inner][vc_column_text css=&#8221;&#8221;]A MAGICAL PLACE WHERE ENJOYMENT IS CELEBRATED WITH ALL THE SENSES. THE COZY ATMOSPHERE OF OUR SPACIOUS RESTAURANT AND THE FANTASTIC MOUNTAIN SCENERY OF THE VAL LUMNEZIA IS THE MOST BEAUTIFUL SETTING FOR A COZY GET-TOGETHER OR A LARGER EVENT,WICH NOT ONLY TANTALIZES THE TASTE , BUT IS ALSO A REAL FEAST FOR THE EYES, CAPTIVATING ALL THE SENSES AND AWAKENING A SENSE OF ADVENTURE WITH ITS EXQUISITE FRAGRANCES.[\/vc_column_text][vc_empty_space height=&#8221;20px&#8221;][vc_column_text css=&#8221;&#8221;]<\/p>\n<p style=\"text-align: center;\"><strong>WE LOOK FORWARD TO YOUR VISIT!<\/strong><br \/>\n<strong>FAMILY FABER &amp; PELLAS TEAM<\/strong><\/p>\n<p>[\/vc_column_text][\/vc_column][\/vc_row][vc_row full_width=&#8221;stretch_row&#8221; color_set=&#8221;white_section&#8221; css=&#8221;.vc_custom_1587455370519{background-color: #222222 !important;}&#8221;][vc_column][\/vc_column][vc_column width=&#8221;2\/3&#8243; offset=&#8221;vc_col-sm-offset-2&#8243;]<div class=\"heading_group_sc wpb_content_element subtitle_bottom white-text   text-center\">\n\n\n    <h4>OPENING HOURS<br \/>\n<span style=\"font-size: 8pt;\">Hotel and Restaurant open daily<br \/>\n<\/span><\/h4>\n\n\n        <span class=\"subtitle\">LUNCH 11 a.m. to 2 p.m., AFTERNOON 2 p.m. to 5 p.m., DINNER 5.30 p.m. to 8.30 p.m.<\/span>\n\n<\/div>[vc_column_text][\/vc_column_text][vc_row_inner row_padding_top=&#8221;padding_top_none&#8221;][vc_column_inner width=&#8221;1\/2&#8243;][vc_icon icon_fontawesome=&#8221;fa fa-phone&#8221; color=&#8221;custom&#8221; size=&#8221;lg&#8221; align=&#8221;center&#8221; custom_color=&#8221;#ffffff&#8221;][vc_column_text css=&#8221;&#8221; el_class=&#8221;white-text&#8221;]<\/p>\n<h5 style=\"text-align: center;\">TABLE RESERVATION BY PHONE<\/h5>\n<p style=\"text-align: center;\"><a href=\"tel:+41819311507\">+41 81 931 15 07<\/a><\/p>\n<div class=\"sectionContainer\">\n<div class=\"sectionContainer\"><\/div>\n<\/div>\n<p>[\/vc_column_text][\/vc_column_inner][vc_column_inner width=&#8221;1\/2&#8243;][vc_icon icon_fontawesome=&#8221;fas fa-edit&#8221; color=&#8221;custom&#8221; size=&#8221;lg&#8221; align=&#8221;center&#8221; custom_color=&#8221;#ffffff&#8221;][vc_column_text css=&#8221;&#8221; el_class=&#8221;white-text&#8221;]<\/p>\n<h5 style=\"text-align: center;\">TABLE BOOKING<\/h5>\n<div class=\"sectionContainer\">\n<div class=\"sectionContainer\"><\/div>\n<\/div>\n<p>[\/vc_column_text][vc_raw_html el_class=&#8221;align-center&#8221;]JTNDYnV0dG9uJTIwZGF0YS1sdW5jaGdhdGUtbW9kYWwtdXJsJTNEJTIyaHR0cHMlM0ElMkYlMkZ3d3cuZm9yYXRhYmxlLmNvbSUyRnJlc2VydmUlMkZyZXN0YXVyYW50JTJGYmQzMTQxNGUwZWIwZmY4YWFiY2U4YTA3YjVkYTI3NzAlMjIlM0VUaXNjaCUyMHJlc2VydmllcmVuJTNDJTJGYnV0dG9uJTNF[\/vc_raw_html][\/vc_column_inner][\/vc_row_inner][\/vc_column][\/vc_row][vc_row full_width=&#8221;stretch_row_content_no_spaces&#8221; content_placement=&#8221;middle&#8221; row_padding_top=&#8221;padding_top_none&#8221; row_padding_bottom=&#8221;padding_bottom_none&#8221; css=&#8221;.vc_custom_1587455603038{background-color: #000000 !important;}&#8221;][vc_column width=&#8221;1\/2&#8243; offset=&#8221;vc_col-lg-8 vc_col-md-7&#8243; css=&#8221;.vc_custom_1685093198259{background: #eaeaea url(https:\/\/pellas.ch\/wp-content\/uploads\/2023\/05\/Fleischgericht-im-Pellas-scaled.jpeg?id=3994) !important;background-position: center !important;background-repeat: no-repeat !important;background-size: cover !important;}&#8221;][vc_empty_space height=&#8221;300px&#8221;][vc_empty_space height=&#8221;200px&#8221; el_class=&#8221;hidden-xs hidden-sm hidden-md&#8221;][vc_empty_space height=&#8221;100px&#8221; el_class=&#8221;hidden-xs&#8221;][vc_empty_space height=&#8221;100px&#8221; el_class=&#8221;hidden-xs hidden-sm&#8221;][\/vc_column][vc_column width=&#8221;1\/2&#8243; color_set=&#8221;dark_section&#8221; align=&#8221;text-left&#8221; boxed=&#8221;boxed_plus&#8221; el_class=&#8221;col-md-pull-1&#8243; offset=&#8221;vc_col-lg-4 vc_col-md-5&#8243;]<div class=\"heading_group_sc wpb_content_element subtitle_top white-text   text-left\">\n\n        <span class=\"subtitle\">Culinary delights from Grisons<\/span>\n\n    <p>BECAUSE WE FIND THE GOOD AT HOME.<\/p>\n\n\n\n<\/div>[vc_column_text css=&#8221;&#8221; el_class=&#8221;white-text&#8221;]Right on our doorstep, in the middle of the VAL LUMNEZIA, a breathtaking natural area and the untouched mountain world of the SURSELVA begins. Here you can feel the regionality in every facet of daily life. With a keen sense of honesty, we mainly use products from the region in our kitchen.[\/vc_column_text][\/vc_column][\/vc_row][vc_row full_width=&#8221;stretch_row&#8221; color_set=&#8221;white_section&#8221; row_padding_bottom=&#8221;padding_bottom_none&#8221; css=&#8221;.vc_custom_1587455614581{background-color: #222222 !important;}&#8221;][vc_column]<div class=\"heading_group_sc wpb_content_element subtitle_bottom white-text   text-center\">\n\n\n    <h1>OUR CUISINE<\/h1>\n\n\n        <span class=\"subtitle\">SOMETHING FOR EVERYONE<\/span>\n\n<\/div>[\/vc_column][\/vc_row][vc_row full_width=&#8221;stretch_row&#8221; content_placement=&#8221;middle&#8221; color_set=&#8221;white_section&#8221; row_padding_top=&#8221;padding_top_none&#8221; row_padding_bottom=&#8221;padding_bottom_none&#8221; css=&#8221;.vc_custom_1587455622792{background-color: #222222 !important;}&#8221;][vc_column width=&#8221;1\/2&#8243; el_class=&#8221;col-sm-push-6&#8243;][vc_single_image image=&#8221;3614&#8243; img_size=&#8221;large&#8221;][\/vc_column][vc_column width=&#8221;1\/2&#8243; el_class=&#8221;col-sm-pull-6&#8243;]<div class=\"heading_group_sc wpb_content_element subtitle_top white-text   text-left\">\n\n        <span class=\"subtitle\">REGIONAL AND DELICIOUS<\/span>\n\n    <h2>BREAKFAST ENJOYMENT<\/h2>\n\n\n\n<\/div>[vc_column_text css=&#8221;&#8221; el_class=&#8221;white-text&#8221;]A good, balanced breakfast puts you in a good mood. The smell of fresh coffee and fresh bread from Vella with mountain butter from the region and hearty honey from the Surselva &#8211; that&#8217;s it, isn&#8217;t it? Of course, our breakfast has much more to offer: Cheese from Lumbrein, salsiz &amp; eggs from Vella and our delicious homemade jam. In addition, we now also offer breakfast a la carte. Of course, external guests can also enjoy our breakfast for CHF 35 per person.<\/p>\n<section class=\"elementor-section elementor-top-section elementor-element elementor-element-627efa45 elementor-section-content-middle elementor-section-boxed elementor-section-height-default elementor-section-height-default\" data-id=\"627efa45\" data-element_type=\"section\">\n<div class=\"elementor-container elementor-column-gap-default\">\n<div class=\"elementor-row\">\n<div class=\"elementor-column elementor-col-50 elementor-top-column elementor-element elementor-element-2aa7682c\" data-id=\"2aa7682c\" data-element_type=\"column\">\n<div class=\"elementor-column-wrap elementor-element-populated\">\n<div class=\"elementor-widget-wrap\">\n<div class=\"elementor-element elementor-element-7f265464 elementor-widget elementor-widget-heading\" data-id=\"7f265464\" data-element_type=\"widget\" data-widget_type=\"heading.default\">\n<div class=\"elementor-widget-container\"><\/div>\n<\/div>\n<\/div>\n<\/div>\n<\/div>\n<\/div>\n<\/div>\n<\/section>\n<p>[\/vc_column_text]<div class=\"plethora_button wpb_content_element   text-left \">\n    <a href=\"#\" class=\" btn-link btn-default  \" title=\"\"  target=\"_self\">\n\n        \n        \u00c0 LA CARTE\n        \n\n    <\/a>\n<\/div>[\/vc_column][\/vc_row][vc_row full_width=&#8221;stretch_row&#8221; content_placement=&#8221;middle&#8221; color_set=&#8221;white_section&#8221; row_padding_top=&#8221;padding_top_none&#8221; row_padding_bottom=&#8221;padding_bottom_none&#8221; css=&#8221;.vc_custom_1587455687003{padding-bottom: 50px !important;background-color: #222222 !important;}&#8221;][vc_column width=&#8221;1\/2&#8243;][vc_single_image image=&#8221;4257&#8243; img_size=&#8221;large&#8221;][\/vc_column][vc_column width=&#8221;1\/2&#8243;]<div class=\"heading_group_sc wpb_content_element subtitle_top white-text   text-left\">\n\n        <span class=\"subtitle\">EATING IS A NEED, ENJOYING IS AN ART<\/span>\n\n    <h2>LUNCHTIME ENJOYMENT<\/h2>\n\n\n\n<\/div>[vc_column_text css=&#8221;&#8221; el_class=&#8221;white-text&#8221;]In between all the nature activities, you should take a break now and then and recharge your batteries. Our lunch menu is delicious and will give you energy for the rest of the day.[\/vc_column_text]<div class=\"plethora_button wpb_content_element   text-left \">\n    <a href=\"#\" class=\" btn-link btn-default  \" title=\"\"  target=\"_self\">\n\n        \n        \u00c0 LA CARTE\n        \n\n    <\/a>\n<\/div>[\/vc_column][\/vc_row][vc_row full_width=&#8221;stretch_row&#8221; content_placement=&#8221;middle&#8221; color_set=&#8221;white_section&#8221; row_padding_top=&#8221;padding_top_none&#8221; row_padding_bottom=&#8221;padding_bottom_none&#8221; css=&#8221;.vc_custom_1587455622792{background-color: #222222 !important;}&#8221;][vc_column width=&#8221;1\/2&#8243; el_class=&#8221;col-sm-push-6&#8243;][vc_single_image image=&#8221;1886&#8243; img_size=&#8221;large&#8221;][\/vc_column][vc_column width=&#8221;1\/2&#8243; el_class=&#8221;col-sm-pull-6&#8243;]<div class=\"heading_group_sc wpb_content_element subtitle_top white-text   text-left\">\n\n        <span class=\"subtitle\">THE RIGHT MOMENT TO LIVE LIFE TO THE FULL<\/span>\n\n    <h2>DINNING ENJOYMENT<\/h2>\n\n\n\n<\/div>[vc_column_text css=&#8221;&#8221; el_class=&#8221;white-text&#8221;]Do you love surprises? Even more so if they are culinary delights!<\/p>\n<p>Prepared using only the best and freshest ingredients. Your dinner will not only be a feast for your palate, it will also please your eyes every time.<\/p>\n<p>Culinary delights are moments of relaxation at Boutique Hotel Pellas.[\/vc_column_text]<div class=\"plethora_button wpb_content_element   text-left \">\n    <a href=\"#\" class=\" btn-link btn-default  \" title=\"\"  target=\"_self\">\n\n        \n        \u00c0 LA CARTE\n        \n\n    <\/a>\n<\/div>[\/vc_column][\/vc_row][vc_row full_width=&#8221;stretch_row&#8221; content_placement=&#8221;middle&#8221; color_set=&#8221;white_section&#8221; row_padding_top=&#8221;padding_top_none&#8221; row_padding_bottom=&#8221;padding_bottom_none&#8221; css=&#8221;.vc_custom_1587455687003{padding-bottom: 50px !important;background-color: #222222 !important;}&#8221;][vc_column width=&#8221;1\/2&#8243;][vc_single_image image=&#8221;4352&#8243; img_size=&#8221;large&#8221; css=&#8221;&#8221;][\/vc_column][vc_column width=&#8221;1\/2&#8243;]<div class=\"heading_group_sc wpb_content_element subtitle_top white-text   text-left\">\n\n        <span class=\"subtitle\">THE MOST VALUABLE GIFT YOU CAN GIVE IS TIME<\/span>\n\n    <h2>ROMANTIC MOMENTS OF PLEASURE<\/h2>\n\n\n\n<\/div>[vc_column_text css=&#8221;&#8221; el_class=&#8221;white-text&#8221;]Our new Pellas Ch\u00e4s Gondeli is the perfect place for a \u201cT\u00eate-\u00e0-T\u00eate\u201d or also for an event &amp; company occasion &#8211; it offers space for up to 6 people.<\/p>\n<p>Whether fine raclette or fondue &#8211; your experience is guaranteed![\/vc_column_text]<div class=\"plethora_button wpb_content_element   text-left \">\n    <a href=\"#\" class=\" btn-link btn-default  \" title=\"\"  target=\"_self\">\n\n        \n        \u00c0 LA CARTE\n        \n\n    <\/a>\n<\/div>[\/vc_column][\/vc_row][vc_row full_width=&#8221;stretch_row&#8221; rtl_reverse=&#8221;yes&#8221; content_placement=&#8221;middle&#8221; color_set=&#8221;white_section&#8221; row_padding_top=&#8221;padding_top_none&#8221; row_padding_bottom=&#8221;padding_bottom_none&#8221; css=&#8221;.vc_custom_1726754711985{background-color: #222222 !important;}&#8221;][vc_column width=&#8221;1\/2&#8243; el_class=&#8221;col-sm-push-6&#8243;][vc_single_image image=&#8221;3179&#8243; img_size=&#8221;large&#8221; css=&#8221;&#8221;][\/vc_column][vc_column width=&#8221;1\/2&#8243; el_class=&#8221;col-sm-pull-6&#8243;]<div class=\"heading_group_sc wpb_content_element subtitle_top white-text   text-left\">\n\n        <span class=\"subtitle\">ENJOY THE LITTLE THINGS. THEY MAKE THE LIFE GREAT<\/span>\n\n    <h2>PLEASURABLE MOMENTS<\/h2>\n\n\n\n<\/div>[vc_column_text css=&#8221;&#8221; el_class=&#8221;white-text&#8221;]<\/p>\n<div class=\"zitate-list-text\">&#8220;Cigars are as wonderful as life. You don&#8217;t save life, you enjoy it to the full&#8221;<\/div>\n<div><strong><span style=\"font-size: 8pt;\">Zino Davidoff<\/span><\/strong><\/div>\n<div><\/div>\n<div><strong><a href=\"https:\/\/pellas.ch\/wp-content\/uploads\/2021\/09\/Zigarrenkarte_Web.pdf\" target=\"_blank\" rel=\"noopener noreferrer\">Pellas Cigars PDF<\/a><\/strong><\/div>\n<div><\/div>\n<div><a href=\"http:\/\/www.portmanntabak.ch\" target=\"_blank\" rel=\"noopener\"><img loading=\"lazy\" decoding=\"async\" class=\"alignnone wp-image-3285 size-medium\" src=\"https:\/\/pellas.ch\/wp-content\/uploads\/2021\/07\/PortmannLogo-komplettes-Logo-2-300x113.png\" alt=\"\" width=\"300\" height=\"113\" srcset=\"https:\/\/pellas.ch\/wp-content\/uploads\/2021\/07\/PortmannLogo-komplettes-Logo-2-300x113.png 300w, https:\/\/pellas.ch\/wp-content\/uploads\/2021\/07\/PortmannLogo-komplettes-Logo-2-1024x384.png 1024w, https:\/\/pellas.ch\/wp-content\/uploads\/2021\/07\/PortmannLogo-komplettes-Logo-2-768x288.png 768w, https:\/\/pellas.ch\/wp-content\/uploads\/2021\/07\/PortmannLogo-komplettes-Logo-2.png 1381w\" sizes=\"auto, (max-width: 300px) 100vw, 300px\" \/><\/a><\/div>\n<div><\/div>\n<p>[\/vc_column_text]<div class=\"plethora_button wpb_content_element   text-left \">\n    <a href=\"#\" class=\" btn-link btn-default  \" title=\"\"  target=\"_self\">\n\n        \n        \u00c0 LA CARTE\n        \n\n    <\/a>\n<\/div>[\/vc_column][\/vc_row]<\/p>\n<\/div>","protected":false},"excerpt":{"rendered":"<p>[vc_row row_padding_top=&#8221;padding_top_1-4&#8243; row_padding_bottom=&#8221;padding_bottom_1-4&#8243;][vc_column width=&#8221;5\/6&#8243; boxed=&#8221;boxed&#8221; offset=&#8221;vc_col-sm-offset-1&#8243;][vc_row_inner][vc_column_inner width=&#8221;1\/4&#8243;][vc_btn title=&#8221;LUNCH MENU&#8221; style=&#8221;custom&#8221; custom_background=&#8221;#e530bb&#8221; custom_text=&#8221;#ffffff&#8221; align=&#8221;center&#8221; css=&#8221;&#8221; link=&#8221;target:_blank&#8221;][\/vc_column_inner][vc_column_inner width=&#8221;1\/4&#8243;][vc_btn title=&#8221;DINNING MENU&#8221; style=&#8221;custom&#8221; custom_background=&#8221;#e530bb&#8221; custom_text=&#8221;#ffffff&#8221; align=&#8221;center&#8221; css=&#8221;&#8221; link=&#8221;target:_blank&#8221;][\/vc_column_inner][vc_column_inner width=&#8221;1\/4&#8243;][vc_btn title=&#8221;CHILDREN&#8217;S MENU&#8221; style=&#8221;custom&#8221; custom_background=&#8221;#e530bb&#8221; custom_text=&#8221;#ffffff&#8221; [&hellip;]<\/p>\n","protected":false},"author":1,"featured_media":4697,"parent":0,"menu_order":7,"comment_status":"closed","ping_status":"closed","template":"","meta":{"_acf_changed":false,"footnotes":""},"class_list":["post-4952","page","type-page","status-publish","has-post-thumbnail","hentry"],"acf":[],"publishpress_future_action":{"enabled":false,"date":"2026-04-13 11:27:16","action":"change-status","newStatus":"draft","terms":[],"taxonomy":"translation_priority","extraData":[]},"publishpress_future_workflow_manual_trigger":{"enabledWorkflows":[]},"_links":{"self":[{"href":"https:\/\/pellas.ch\/en\/wp-json\/wp\/v2\/pages\/4952","targetHints":{"allow":["GET"]}}],"collection":[{"href":"https:\/\/pellas.ch\/en\/wp-json\/wp\/v2\/pages"}],"about":[{"href":"https:\/\/pellas.ch\/en\/wp-json\/wp\/v2\/types\/page"}],"author":[{"embeddable":true,"href":"https:\/\/pellas.ch\/en\/wp-json\/wp\/v2\/users\/1"}],"replies":[{"embeddable":true,"href":"https:\/\/pellas.ch\/en\/wp-json\/wp\/v2\/comments?post=4952"}],"version-history":[{"count":9,"href":"https:\/\/pellas.ch\/en\/wp-json\/wp\/v2\/pages\/4952\/revisions"}],"predecessor-version":[{"id":5400,"href":"https:\/\/pellas.ch\/en\/wp-json\/wp\/v2\/pages\/4952\/revisions\/5400"}],"wp:featuredmedia":[{"embeddable":true,"href":"https:\/\/pellas.ch\/en\/wp-json\/wp\/v2\/media\/4697"}],"wp:attachment":[{"href":"https:\/\/pellas.ch\/en\/wp-json\/wp\/v2\/media?parent=4952"}],"curies":[{"name":"wp","href":"https:\/\/api.w.org\/{rel}","templated":true}]}}