{"id":4951,"date":"2023-01-12T14:09:37","date_gmt":"2023-01-12T13:09:37","guid":{"rendered":"https:\/\/pellas.ch\/gut-zu-wissen-2\/"},"modified":"2026-03-01T13:22:06","modified_gmt":"2026-03-01T12:22:06","slug":"gut-zu-wissen-2","status":"publish","type":"page","link":"https:\/\/pellas.ch\/en\/gut-zu-wissen-2\/","title":{"rendered":"Good to know"},"content":{"rendered":"<div class=\"wpb-content-wrapper\"><p>[vc_row row_padding_top=&#8221;padding_top_1-4&#8243; row_padding_bottom=&#8221;padding_bottom_1-4&#8243;][vc_column width=&#8221;5\/6&#8243; boxed=&#8221;boxed&#8221; offset=&#8221;vc_col-sm-offset-1&#8243;]<div class=\"heading_group_sc wpb_content_element subtitle_bottom    text-center\">\n\n\n    <h1>expect more<\/h1>\n\n\n        <span class=\"subtitle\"><\/span>\n\n<\/div>[vc_row_inner disable_element=&#8221;yes&#8221;][vc_column_inner width=&#8221;1\/4&#8243;][vc_btn title=&#8221;TAGESKARTE&#8221; style=&#8221;custom&#8221; custom_background=&#8221;#523c40&#8243; custom_text=&#8221;#ffffff&#8221; align=&#8221;center&#8221; link=&#8221;url:https%3A%2F%2Fpellas.ch%2Fwp-content%2Fuploads%2F2019%2F12%2FTageskarte.pdf||target:%20_blank|&#8221;][\/vc_column_inner][vc_column_inner width=&#8221;1\/4&#8243;][vc_btn title=&#8221;ABENDANGEBOT&#8221; style=&#8221;custom&#8221; custom_background=&#8221;#523c40&#8243; custom_text=&#8221;#ffffff&#8221; align=&#8221;center&#8221; link=&#8221;url:https%3A%2F%2Fpellas.ch%2Fwp-content%2Fuploads%2F2019%2F06%2FA.la_.carte_.2019.pdf||target:%20_blank|&#8221;][\/vc_column_inner][vc_column_inner width=&#8221;1\/4&#8243;][vc_btn title=&#8221;KINDERKARTE&#8221; style=&#8221;custom&#8221; custom_background=&#8221;#523c40&#8243; custom_text=&#8221;#ffffff&#8221; align=&#8221;center&#8221; link=&#8221;url:https%3A%2F%2Fpellas.ch%2Fwp-content%2Fuploads%2F2019%2F12%2FKinderkarte.pdf||target:%20_blank|&#8221;][\/vc_column_inner][vc_column_inner width=&#8221;1\/4&#8243;][vc_btn title=&#8221;UNSERE WEINE&#8221; style=&#8221;custom&#8221; custom_background=&#8221;#523c40&#8243; custom_text=&#8221;#ffffff&#8221; align=&#8221;center&#8221; link=&#8221;url:https%3A%2F%2Fpellas.ch%2Fwp-content%2Fuploads%2F2019%2F12%2Fweinkarte.2.pdf||target:%20_blank|&#8221;][\/vc_column_inner][\/vc_row_inner][vc_row_inner disable_element=&#8221;yes&#8221;][vc_column_inner][vc_btn title=&#8221;UNSERE MEN\u00dcVORSCHL\u00c4GE F\u00dcR IHR FEST&#8221; style=&#8221;custom&#8221; custom_background=&#8221;#523c40&#8243; custom_text=&#8221;#ffffff&#8221; align=&#8221;center&#8221; link=&#8221;url:https%3A%2F%2Fpellas.ch%2Fwp-content%2Fuploads%2F2018%2F11%2FMenuevorschlaege.1.pdf||target:%20_blank|&#8221;][\/vc_column_inner][\/vc_row_inner][vc_column_text css=&#8221;&#8221;]<\/p>\n<h2 style=\"text-align: center;\"><strong>Your added value for your summer vacation in Vella;<\/strong><\/h2>\n<p style=\"text-align: center;\">Sunny panoramic terrace to eat &amp; enjoy,<br \/>\nsmall children&#8217;s playground, SurselvaCard, backpack and hiking \/ Nordic walking poles on loan,<br \/>\nbike room, e-mountain bikes (for a fee), washing area for shoes &amp; bikes, shoe dryer, small<br \/>\nbike workshop, free parking, car e-charging stations, WLAN throughout the hotel.<br \/>\n<a href=\"https:\/\/www.surselva.info\/Info\/Surselva-Gaestekarte\" target=\"_blank\" rel=\"noopener\">https:\/\/www.surselva.info\/Info\/Surselva-Gaestekarte<\/a><\/p>\n<h2 style=\"text-align: center;\"><strong>Your added value for your winter vacation in Vella;<\/strong><\/h2>\n<p style=\"text-align: center;\"><span dir=\"ltr\" role=\"presentation\">Hotel directly on the ski slope, ski rental &amp; service in the<br \/>\nhouse as well as ski school, snowshoe hikes, ski tours, sledge rental, ski room with heated skis &amp;<br \/>\nboot warmers, free parking, car e-charging stations, WLAN throughout the hotel. 120 km of ski slopes &amp; Cross-country ski trails.<\/span><br role=\"presentation\" \/><a href=\"https:\/\/obersaxen-mundaun.ch\/\" target=\"_blank\" rel=\"noopener\"><span dir=\"ltr\" role=\"presentation\">https:\/\/www.obersaxen-mundaun.ch<\/span><\/a><br role=\"presentation\" \/><strong><span dir=\"ltr\" role=\"presentation\">10 % off ski rental<\/span>\u00a0<span dir=\"ltr\" role=\"presentation\">\u00ab<\/span><span dir=\"ltr\" role=\"presentation\">online discount code <\/span><span dir=\"ltr\" role=\"presentation\">Pellas<\/span><span dir=\"ltr\" role=\"presentation\">\u00bb<\/span><\/strong><br role=\"presentation\" \/><a href=\"https:\/\/www.menzlisport.ch\/winterfilialen\/vella\/\" target=\"_blank\" rel=\"noopener\"><span dir=\"ltr\" role=\"presentation\">http:\/\/www.menzlisport.ch\/winterfilialen\/vella<\/span><\/a><br role=\"presentation\" \/><span dir=\"ltr\" role=\"presentation\">Winter hiking and sledging in Val Lumnezia<\/span><br role=\"presentation\" \/><a href=\"https:\/\/www.surselva.info\/Winter\/Winterwandern-in-der-Surselva\" target=\"_blank\" rel=\"noopener\"><span dir=\"ltr\" role=\"presentation\">https:\/\/www.surselva.info\/Winter\/Winterwandern<\/span><\/a><\/p>\n<p style=\"text-align: center;\"><strong>Our general terms and conditions<\/strong><\/p>\n<p>[\/vc_column_text][vc_empty_space height=&#8221;20px&#8221;][vc_column_text css=&#8221;&#8221;]<\/p>\n<p style=\"text-align: center;\">WE LOOK FORWARD TO YOUR VISIT!<br \/>\nFAMILY FABER &amp; PELLAS TEAM<\/p>\n<p>[\/vc_column_text][\/vc_column][\/vc_row][vc_row full_width=&#8221;stretch_row&#8221; color_set=&#8221;white_section&#8221; css=&#8221;.vc_custom_1587455370519{background-color: #222222 !important;}&#8221;][vc_column][\/vc_column][\/vc_row][vc_row full_width=&#8221;stretch_row_content_no_spaces&#8221; content_placement=&#8221;middle&#8221; row_padding_top=&#8221;padding_top_none&#8221; row_padding_bottom=&#8221;padding_bottom_none&#8221; css=&#8221;.vc_custom_1587455603038{background-color: #000000 !important;}&#8221;][vc_column width=&#8221;1\/2&#8243; offset=&#8221;vc_col-lg-8 vc_col-md-7&#8243; css=&#8221;.vc_custom_1673531066789{background: #eaeaea url(https:\/\/pellas.ch\/wp-content\/uploads\/2023\/01\/Ankunft-scaled.jpeg?id=3843) !important;background-position: center !important;background-repeat: no-repeat !important;background-size: cover !important;}&#8221;][vc_empty_space height=&#8221;300px&#8221;][vc_empty_space height=&#8221;200px&#8221; el_class=&#8221;hidden-xs hidden-sm hidden-md&#8221;][vc_empty_space height=&#8221;100px&#8221; el_class=&#8221;hidden-xs&#8221;][vc_empty_space height=&#8221;100px&#8221; el_class=&#8221;hidden-xs hidden-sm&#8221;][\/vc_column][vc_column width=&#8221;1\/2&#8243; color_set=&#8221;dark_section&#8221; align=&#8221;text-left&#8221; boxed=&#8221;boxed_plus&#8221; el_class=&#8221;col-md-pull-1&#8243; offset=&#8221;vc_col-lg-4 vc_col-md-5&#8243;]<div class=\"heading_group_sc wpb_content_element subtitle_top white-text   text-left\">\n\n        <span class=\"subtitle\"><\/span>\n\n    <div class=\"heading_group_sc wpb_content_element subtitle_top white text-left\">\n<h1>Before your stay<\/h1>\n<\/div>\n<div class=\"wpb_text_column wpb_content_element \">\n<div class=\"wpb_wrapper\"><\/div>\n<\/div>\n\n\n\n<\/div>[vc_column_text css=&#8221;&#8221; el_class=&#8221;white-text&#8221;]<strong>Check-in\/check-out<\/strong>: Your room is available from 3.00 pm on the day of arrival. On the day of departure we ask you to vacate the room by 11.00 am. We are happy to offer you the opportunity to leave your luggage with us.<\/p>\n<p><strong>Dogs<\/strong>: Dogs are charged CHF 20 per night and four-legged friend, excluding food. Well-behaved dogs: They are allowed throughout the hotel.<\/p>\n<p><strong>Car e-charging stations:<\/strong> Chargeable<\/p>\n<p><strong>Parking<\/strong>: Free of charge<\/p>\n<p><strong>Cancellation conditions<\/strong>: The date of receipt is decisive for the calculation of the cancellation:<br \/>\n&#8211; Up to 30 days before arrival: Processing fee CHF 60<br \/>\n&#8211; Up to 14 days before arrival: 50% of the total costs<br \/>\n&#8211; Less than 14 days before arrival: 100% of the total cost<br \/>\n&#8211; We recommend that you take out cancellation insurance<\/p>\n<p><a href=\"https:\/\/www.mobiliar.ch\/versicherungen-und-vorsorge\/fahrzeuge-und-reisen\/reiseversicherung\" target=\"_blank\" rel=\"noopener\"><strong>Annullationskostenversicherung<\/strong>\u00a0<\/a>[\/vc_column_text][\/vc_column][\/vc_row][vc_row full_width=&#8221;stretch_row&#8221; color_set=&#8221;white_section&#8221; row_padding_bottom=&#8221;padding_bottom_none&#8221; css=&#8221;.vc_custom_1587455614581{background-color: #222222 !important;}&#8221;][vc_column]<div class=\"heading_group_sc wpb_content_element subtitle_bottom white-text   text-center\">\n\n\n    <h1>OUR CUISINE<\/h1>\n\n\n        <span class=\"subtitle\">SOMETHING FOR EVERYONE<\/span>\n\n<\/div>[\/vc_column][\/vc_row][vc_row full_width=&#8221;stretch_row&#8221; content_placement=&#8221;middle&#8221; color_set=&#8221;white_section&#8221; row_padding_top=&#8221;padding_top_none&#8221; row_padding_bottom=&#8221;padding_bottom_none&#8221; css=&#8221;.vc_custom_1587455622792{background-color: #222222 !important;}&#8221;][vc_column width=&#8221;1\/2&#8243; el_class=&#8221;col-sm-push-6&#8243;][vc_single_image image=&#8221;3614&#8243; img_size=&#8221;large&#8221;][\/vc_column][vc_column width=&#8221;1\/2&#8243; el_class=&#8221;col-sm-pull-6&#8243;]<div class=\"heading_group_sc wpb_content_element subtitle_top white-text   text-left\">\n\n        <span class=\"subtitle\">REGIONAL AND DELICIOUS<\/span>\n\n    <h2>BREAKFAST ENJOYMENT<\/h2>\n\n\n\n<\/div>[vc_column_text css=&#8221;&#8221; el_class=&#8221;white-text&#8221;]A good, balanced breakfast puts you in a good mood. The smell of fresh coffee and fresh bread from Vella with mountain butter from the region and hearty honey from the Surselva &#8211; that&#8217;s it, isn&#8217;t it? Of course, our breakfast has much more to offer: Cheese from Lumbrein, salsiz &amp; eggs from Vella and our delicious homemade jam. Of course, external guests can also enjoy our breakfast for CHF 30 per person.<\/p>\n<section class=\"elementor-section elementor-top-section elementor-element elementor-element-627efa45 elementor-section-content-middle elementor-section-boxed elementor-section-height-default elementor-section-height-default\" data-id=\"627efa45\" data-element_type=\"section\">\n<div class=\"elementor-container elementor-column-gap-default\">\n<div class=\"elementor-row\">\n<div class=\"elementor-column elementor-col-50 elementor-top-column elementor-element elementor-element-2aa7682c\" data-id=\"2aa7682c\" data-element_type=\"column\">\n<div class=\"elementor-column-wrap elementor-element-populated\">\n<div class=\"elementor-widget-wrap\">\n<div class=\"elementor-element elementor-element-7f265464 elementor-widget elementor-widget-heading\" data-id=\"7f265464\" data-element_type=\"widget\" data-widget_type=\"heading.default\">\n<div class=\"elementor-widget-container\"><\/div>\n<\/div>\n<\/div>\n<\/div>\n<\/div>\n<\/div>\n<\/div>\n<\/section>\n<p>[\/vc_column_text]<div class=\"plethora_button wpb_content_element   text-left \">\n    <a href=\"#\" class=\" btn-link btn-default  \" title=\"\"  target=\"_self\">\n\n        \n        \u00c0 LA CARTE\n        \n\n    <\/a>\n<\/div>[\/vc_column][\/vc_row][vc_row full_width=&#8221;stretch_row&#8221; content_placement=&#8221;middle&#8221; color_set=&#8221;white_section&#8221; row_padding_top=&#8221;padding_top_none&#8221; row_padding_bottom=&#8221;padding_bottom_none&#8221; css=&#8221;.vc_custom_1587455687003{padding-bottom: 50px !important;background-color: #222222 !important;}&#8221;][vc_column width=&#8221;1\/2&#8243;][vc_single_image image=&#8221;3235&#8243; img_size=&#8221;large&#8221;][\/vc_column][vc_column width=&#8221;1\/2&#8243;]<div class=\"heading_group_sc wpb_content_element subtitle_top white-text   text-left\">\n\n        <span class=\"subtitle\">ESSEN IST EIN BED\u00dcRFNIS, GENIESSEN EINE KUNST<\/span>\n\n    <h2><strong>MITTAGSGENUSS<\/strong><\/h2>\n\n\n\n<\/div>[vc_column_text el_class=&#8221;white-text&#8221;]Zwischen all den Natur-Aktivit\u00e4ten sollten Sie sich ab und zu auch eine Pause g\u00f6nnen und sich st\u00e4rken. Unsere Mittagskarte ist lecker und gibt Ihnen Energie f\u00fcr den Rest des Tages.<\/p>\n<p>[\/vc_column_text]<div class=\"plethora_button wpb_content_element   text-left \">\n    <a href=\"#\" class=\" btn-link btn-default  \" title=\"\"  target=\"_self\">\n\n        \n        \u00c0 LA CARTE\n        \n\n    <\/a>\n<\/div>[\/vc_column][\/vc_row][vc_row full_width=&#8221;stretch_row&#8221; content_placement=&#8221;middle&#8221; color_set=&#8221;white_section&#8221; row_padding_top=&#8221;padding_top_none&#8221; row_padding_bottom=&#8221;padding_bottom_none&#8221; css=&#8221;.vc_custom_1587455622792{background-color: #222222 !important;}&#8221;][vc_column width=&#8221;1\/2&#8243; el_class=&#8221;col-sm-push-6&#8243;][vc_single_image image=&#8221;1886&#8243; img_size=&#8221;large&#8221;][\/vc_column][vc_column width=&#8221;1\/2&#8243; el_class=&#8221;col-sm-pull-6&#8243;]<div class=\"heading_group_sc wpb_content_element subtitle_top white-text   text-left\">\n\n        <span class=\"subtitle\">DER RICHTIGE MOMENT, DAS LEBEN VOLL AUSZUKOSTEN<\/span>\n\n    <h2><strong>ABENDGENUSS<\/strong><\/h2>\n\n\n\n<\/div>[vc_column_text el_class=&#8221;white-text&#8221;]Sie lieben \u00dcberraschungen? Wenn es sich dabei um kulinarische Gen\u00fcsse handelt, umso mehr!<\/p>\n<p>Zubereitet nur aus den besten und frischesten Zutaten. Ihr Abendessen ist nicht nur f\u00fcr Ihr Gaumen ein Festschmaus, auch ihrem Auge wird jedes Mal geschmeichelt.<\/p>\n<p>Kulinarische Gen\u00fcsse sind Momente der Entspannung im Boutique Hotel Pellas.<\/p>\n<p>[\/vc_column_text]<div class=\"plethora_button wpb_content_element   text-left \">\n    <a href=\"#\" class=\" btn-link btn-default  \" title=\"\"  target=\"_self\">\n\n        \n        \u00c0 LA CARTE\n        \n\n    <\/a>\n<\/div>[\/vc_column][\/vc_row][vc_row full_width=&#8221;stretch_row&#8221; rtl_reverse=&#8221;yes&#8221; content_placement=&#8221;middle&#8221; color_set=&#8221;white_section&#8221; row_padding_top=&#8221;padding_top_none&#8221; row_padding_bottom=&#8221;padding_bottom_none&#8221; css=&#8221;.vc_custom_1657720022579{background-color: #222222 !important;}&#8221;][vc_column width=&#8221;1\/2&#8243;][vc_single_image image=&#8221;3179&#8243; img_size=&#8221;large&#8221;][\/vc_column][vc_column width=&#8221;1\/2&#8243;]<div class=\"heading_group_sc wpb_content_element subtitle_top white-text   text-left\">\n\n        <span class=\"subtitle\">GENIESSE SIE DIE KLEINEN DINGE. SIE MACHEN DAS LEBEN GROSSARTIG<\/span>\n\n    <h2><strong>GENUSSVOLLE MOMENTE<\/strong><\/h2>\n\n\n\n<\/div>[vc_column_text el_class=&#8221;white-text&#8221;]<\/p>\n<div class=\"zitate-list-text\">&#8220;Zigarren sind herrlich wie das Leben. Das Leben bewahrt man sich auch nicht auf, man genie\u00dft es in vollen Z\u00fcgen&#8221;<\/div>\n<div><strong><span style=\"font-size: 8pt;\">Zino Davidoff<\/span><\/strong><\/div>\n<div><\/div>\n<div><strong><a href=\"https:\/\/pellas.ch\/wp-content\/uploads\/2021\/09\/Zigarrenkarte_Web.pdf\" target=\"_blank\" rel=\"noopener noreferrer\">Pellas Cigars PDF<\/a><\/strong><\/div>\n<div><\/div>\n<div><a href=\"http:\/\/www.portmanntabak.ch\" target=\"_blank\" rel=\"noopener\"><img loading=\"lazy\" decoding=\"async\" class=\"alignnone wp-image-3285 size-medium\" src=\"https:\/\/pellas.ch\/wp-content\/uploads\/2021\/07\/PortmannLogo-komplettes-Logo-2-300x113.png\" alt=\"\" width=\"300\" height=\"113\" srcset=\"https:\/\/pellas.ch\/wp-content\/uploads\/2021\/07\/PortmannLogo-komplettes-Logo-2-300x113.png 300w, https:\/\/pellas.ch\/wp-content\/uploads\/2021\/07\/PortmannLogo-komplettes-Logo-2-1024x384.png 1024w, https:\/\/pellas.ch\/wp-content\/uploads\/2021\/07\/PortmannLogo-komplettes-Logo-2-768x288.png 768w, https:\/\/pellas.ch\/wp-content\/uploads\/2021\/07\/PortmannLogo-komplettes-Logo-2.png 1381w\" sizes=\"auto, (max-width: 300px) 100vw, 300px\" \/><\/a><\/div>\n<div><\/div>\n<p>[\/vc_column_text]<div class=\"plethora_button wpb_content_element   text-left \">\n    <a href=\"#\" class=\" btn-link btn-default  \" title=\"\"  target=\"_self\">\n\n        \n        \u00c0 LA CARTE\n        \n\n    <\/a>\n<\/div>[\/vc_column][\/vc_row]<\/p>\n<\/div>","protected":false},"excerpt":{"rendered":"<p>[vc_row row_padding_top=&#8221;padding_top_1-4&#8243; row_padding_bottom=&#8221;padding_bottom_1-4&#8243;][vc_column width=&#8221;5\/6&#8243; boxed=&#8221;boxed&#8221; offset=&#8221;vc_col-sm-offset-1&#8243;][vc_row_inner disable_element=&#8221;yes&#8221;][vc_column_inner width=&#8221;1\/4&#8243;][vc_btn title=&#8221;TAGESKARTE&#8221; style=&#8221;custom&#8221; custom_background=&#8221;#523c40&#8243; custom_text=&#8221;#ffffff&#8221; align=&#8221;center&#8221; link=&#8221;url:https%3A%2F%2Fpellas.ch%2Fwp-content%2Fuploads%2F2019%2F12%2FTageskarte.pdf||target:%20_blank|&#8221;][\/vc_column_inner][vc_column_inner width=&#8221;1\/4&#8243;][vc_btn title=&#8221;ABENDANGEBOT&#8221; style=&#8221;custom&#8221; custom_background=&#8221;#523c40&#8243; custom_text=&#8221;#ffffff&#8221; align=&#8221;center&#8221; link=&#8221;url:https%3A%2F%2Fpellas.ch%2Fwp-content%2Fuploads%2F2019%2F06%2FA.la_.carte_.2019.pdf||target:%20_blank|&#8221;][\/vc_column_inner][vc_column_inner width=&#8221;1\/4&#8243;][vc_btn title=&#8221;KINDERKARTE&#8221; style=&#8221;custom&#8221; custom_background=&#8221;#523c40&#8243; custom_text=&#8221;#ffffff&#8221; align=&#8221;center&#8221; link=&#8221;url:https%3A%2F%2Fpellas.ch%2Fwp-content%2Fuploads%2F2019%2F12%2FKinderkarte.pdf||target:%20_blank|&#8221;][\/vc_column_inner][vc_column_inner width=&#8221;1\/4&#8243;][vc_btn title=&#8221;UNSERE [&hellip;]<\/p>\n","protected":false},"author":4,"featured_media":4774,"parent":0,"menu_order":7,"comment_status":"closed","ping_status":"closed","template":"","meta":{"_acf_changed":false,"footnotes":""},"class_list":["post-4951","page","type-page","status-publish","has-post-thumbnail","hentry"],"acf":[],"publishpress_future_action":{"enabled":false,"date":"2026-04-13 12:55:49","action":"change-status","newStatus":"draft","terms":[],"taxonomy":"translation_priority","extraData":[]},"publishpress_future_workflow_manual_trigger":{"enabledWorkflows":[]},"_links":{"self":[{"href":"https:\/\/pellas.ch\/en\/wp-json\/wp\/v2\/pages\/4951","targetHints":{"allow":["GET"]}}],"collection":[{"href":"https:\/\/pellas.ch\/en\/wp-json\/wp\/v2\/pages"}],"about":[{"href":"https:\/\/pellas.ch\/en\/wp-json\/wp\/v2\/types\/page"}],"author":[{"embeddable":true,"href":"https:\/\/pellas.ch\/en\/wp-json\/wp\/v2\/users\/4"}],"replies":[{"embeddable":true,"href":"https:\/\/pellas.ch\/en\/wp-json\/wp\/v2\/comments?post=4951"}],"version-history":[{"count":5,"href":"https:\/\/pellas.ch\/en\/wp-json\/wp\/v2\/pages\/4951\/revisions"}],"predecessor-version":[{"id":5389,"href":"https:\/\/pellas.ch\/en\/wp-json\/wp\/v2\/pages\/4951\/revisions\/5389"}],"wp:featuredmedia":[{"embeddable":true,"href":"https:\/\/pellas.ch\/en\/wp-json\/wp\/v2\/media\/4774"}],"wp:attachment":[{"href":"https:\/\/pellas.ch\/en\/wp-json\/wp\/v2\/media?parent=4951"}],"curies":[{"name":"wp","href":"https:\/\/api.w.org\/{rel}","templated":true}]}}