{"id":4916,"date":"2025-06-25T14:30:53","date_gmt":"2025-06-25T12:30:53","guid":{"rendered":"https:\/\/pellas.ch\/?page_id=4916"},"modified":"2026-04-04T16:44:17","modified_gmt":"2026-04-04T14:44:17","slug":"ihre-gastgeber","status":"publish","type":"page","link":"https:\/\/pellas.ch\/en\/ihre-gastgeber\/","title":{"rendered":"About us"},"content":{"rendered":"<div class=\"wpb-content-wrapper\"><p>[vc_row full_width=&#8221;stretch_row_content_no_spaces&#8221; content_placement=&#8221;middle&#8221; row_padding_top=&#8221;padding_top_none&#8221; row_padding_bottom=&#8221;padding_bottom_none&#8221; css=&#8221;.vc_custom_1587454632637{background-color: #000000 !important;}&#8221;][vc_column width=&#8221;1\/2&#8243; offset=&#8221;vc_col-lg-8 vc_col-md-7&#8243; css=&#8221;.vc_custom_1775313854416{padding-top: 100px !important;background: #eaeaea url(https:\/\/pellas.ch\/wp-content\/uploads\/2026\/04\/C-Faber-1.png?id=5484) !important;background-position: center !important;background-repeat: no-repeat !important;background-size: cover !important;}&#8221;][vc_empty_space height=&#8221;300px&#8221;][vc_empty_space height=&#8221;200px&#8221; el_class=&#8221;hidden-xs hidden-sm hidden-md&#8221;][vc_empty_space height=&#8221;100px&#8221; el_class=&#8221;hidden-xs&#8221;][vc_empty_space height=&#8221;100px&#8221; el_class=&#8221;hidden-xs hidden-sm&#8221;][\/vc_column][vc_column width=&#8221;1\/2&#8243; color_set=&#8221;dark_section&#8221; align=&#8221;text-left&#8221; boxed=&#8221;boxed_plus&#8221; el_class=&#8221;col-md-pull-1&#8243; offset=&#8221;vc_col-lg-4 vc_col-md-5&#8243;]<div class=\"heading_group_sc wpb_content_element subtitle_top white   text-left\">\n\n        <span class=\"subtitle\"><\/span>\n\n    <h1>Hosts with a passion<\/h1>\n\n\n\n<\/div>[vc_column_text css=&#8221;&#8221;]GENUINE.FAMILIAR.PERSONAL.<\/p>\n<p>WE SUSAN AND CHRIS FABER KNOW THE SURSELVA VERY WELL. WE HAVE BEEN IN OUR CHOSEN HOME FOR OVER 15 YEARS &#8211; HOME IS WHERE YOU FEEL AT HOME! WE DEDICATE OURSELVES TO THE CHALLENGE OF PAMPERING AND SURPRISING OUR GUESTS WITH A LOT OF PASSION AND HEART AND SOUL. VIVA LA BIALA VAL LUMNEZIA!<\/p>\n<p>YOUR FAMILY FABER<br \/>\nHOST \/ CO-OWNER[\/vc_column_text][\/vc_column][\/vc_row][vc_row full_width=&#8221;stretch_row&#8221; content_placement=&#8221;middle&#8221; disable_element=&#8221;yes&#8221; color_set=&#8221;white_section&#8221; row_padding_top=&#8221;padding_top_none&#8221; row_padding_bottom=&#8221;padding_bottom_none&#8221; css=&#8221;.vc_custom_1741518098727{padding-top: 50px !important;background-color: #222222 !important;}&#8221;][vc_column width=&#8221;1\/2&#8243; el_class=&#8221;col-sm-push-6&#8243;][vc_single_image image=&#8221;4181&#8243; img_size=&#8221;large&#8221; css=&#8221;.vc_custom_1705585831007{background-image: url(https:\/\/pellas.ch\/wp-content\/uploads\/2020\/06\/K\u00fcchenchef-scaled.jpeg?id=2769) !important;}&#8221;][\/vc_column][vc_column width=&#8221;1\/2&#8243; el_class=&#8221;col-sm-pull-6&#8243;]<div class=\"heading_group_sc wpb_content_element subtitle_top white-text   text-left\">\n\n        <span class=\"subtitle\">AUTHENTISCH &amp; REGIONAL<\/span>\n\n    <h2><strong>Unsere K\u00fcche<\/strong><\/h2>\n<p>Gemeinsam mit seinem Team verarbeitet er jeden Tag die besten Zutaten aus der Region zu wundervollen kulinarischen Highlights. In echter Handarbeit entstehen frische Gerichte und aromatische Men\u00fcs die f\u00fcr wahre Geschmacksexplosionen sorgen. Dabei widmet man sich nicht nur den typischen B\u00fcndner K\u00f6stlichkeiten, sondern wagt auch den Blick \u00fcber den Tellerrand und begibt sich auf eine kulinarische Reise durch die Welt. Aber der Genuss beginnt nicht erst beim Mittagessen oder am romantischen Abend, sondern schon mit dem vielseitigen Fr\u00fchst\u00fccksbuffet, bei dem saisonale, regional erzeugte Produkte f\u00fcr einen perfekten Start in den aufregenden Urlaubstag sorgen.<\/p>\n\n\n\n<\/div>[vc_column_text el_class=&#8221;white-text&#8221;]Udo Schwarzat[\/vc_column_text]<div class=\"plethora_button wpb_content_element   text-left \">\n    <a href=\"#\" class=\" btn-link btn-default  \" title=\"\"  target=\"_self\">\n\n        \n        \u00c0 LA CARTE\n        \n\n    <\/a>\n<\/div>[\/vc_column][\/vc_row][vc_row full_width=&#8221;stretch_row&#8221; content_placement=&#8221;middle&#8221; disable_element=&#8221;yes&#8221; color_set=&#8221;white_section&#8221; row_padding_top=&#8221;padding_top_none&#8221; row_padding_bottom=&#8221;padding_bottom_none&#8221; css=&#8221;.vc_custom_1741518117114{padding-top: 50px !important;background-color: #222222 !important;}&#8221;][vc_column width=&#8221;1\/2&#8243; el_class=&#8221;col-sm-push-6&#8243;][vc_single_image image=&#8221;4157&#8243; img_size=&#8221;large&#8221; css=&#8221;.vc_custom_1702652485920{background-image: url(https:\/\/pellas.ch\/wp-content\/uploads\/2020\/06\/K\u00fcchenchef-scaled.jpeg?id=2769) !important;}&#8221;][\/vc_column][vc_column width=&#8221;1\/2&#8243; el_class=&#8221;col-sm-pull-6&#8243;]<div class=\"heading_group_sc wpb_content_element subtitle_top white-text   text-left\">\n\n        <span class=\"subtitle\">INNOVATIV &amp; CHARAKTERSTARK<\/span>\n\n    <h2><strong>Unsere Reception<\/strong><\/h2>\n<p>Sie begr\u00fcsst Sie mit Herzlichkeit und tr\u00e4gt Ihr Herz auf der Zunge. Umsorgt und betreut unsere G\u00e4ste vom Check-in bis zum Check-out. Ein Wandertipp, eine Reservation im Restaurant oder eine romantische \u00dcberraschung, f\u00fcr Ihre W\u00fcnsche ist Nicole f\u00fcr Sie da, damit Sie unvergessliche Ferien bei uns im Boutique Hotel Pellas verbringen k\u00f6nnen.<\/p>\n\n\n\n<\/div>[vc_column_text el_class=&#8221;white-text&#8221;]Nicole Jentzen-Wehr<\/p>\n<p>[\/vc_column_text]<div class=\"plethora_button wpb_content_element   text-left \">\n    <a href=\"#\" class=\" btn-link btn-default  \" title=\"\"  target=\"_self\">\n\n        \n        \u00c0 LA CARTE\n        \n\n    <\/a>\n<\/div>[\/vc_column][\/vc_row][vc_row full_width=&#8221;stretch_row&#8221; content_placement=&#8221;middle&#8221; disable_element=&#8221;yes&#8221; color_set=&#8221;white_section&#8221; row_padding_top=&#8221;padding_top_none&#8221; row_padding_bottom=&#8221;padding_bottom_none&#8221; css=&#8221;.vc_custom_1741518140353{padding-top: 50px !important;background-color: #222222 !important;}&#8221;][vc_column width=&#8221;1\/2&#8243; el_class=&#8221;col-sm-push-6&#8243;][vc_single_image image=&#8221;4204&#8243; img_size=&#8221;large&#8221; css=&#8221;.vc_custom_1708180744039{background-image: url(https:\/\/pellas.ch\/wp-content\/uploads\/2020\/06\/K\u00fcchenchef-scaled.jpeg?id=2769) !important;}&#8221;][\/vc_column][vc_column width=&#8221;1\/2&#8243; el_class=&#8221;col-sm-pull-6&#8243;]<div class=\"heading_group_sc wpb_content_element subtitle_top white-text   text-left\">\n\n        <span class=\"subtitle\">L\u00d6SUNGSORIENTIERT &amp; ORGANISATIONSTALENT<\/span>\n\n    <h2><strong>Unser Restaurant<\/strong><\/h2>\n<p>Er begr\u00fcsst Sie als &#8220;la passione per l&#8217;ospitalit\u00e0&#8221; und hat immer eine L\u00f6sung parat, selbst in hektischen Situationen beh\u00e4lt er einen k\u00fchlen Kopf. Ob eine perfekte Wein, Spiritousen oder Zigarren Empfehlung- Pietro hat immer einen Tipp auf Lager.<\/p>\n\n\n\n<\/div>[vc_column_text el_class=&#8221;white-text&#8221;]Pietro Aspromonte[\/vc_column_text]<div class=\"plethora_button wpb_content_element   text-left \">\n    <a href=\"#\" class=\" btn-link btn-default  \" title=\"\"  target=\"_self\">\n\n        \n        \u00c0 LA CARTE\n        \n\n    <\/a>\n<\/div>[\/vc_column][\/vc_row]<\/p>\n<\/div>","protected":false},"excerpt":{"rendered":"<p>[vc_row full_width=&#8221;stretch_row_content_no_spaces&#8221; content_placement=&#8221;middle&#8221; row_padding_top=&#8221;padding_top_none&#8221; row_padding_bottom=&#8221;padding_bottom_none&#8221; css=&#8221;.vc_custom_1587454632637{background-color: #000000 !important;}&#8221;][vc_column width=&#8221;1\/2&#8243; offset=&#8221;vc_col-lg-8 vc_col-md-7&#8243; css=&#8221;.vc_custom_1775313854416{padding-top: 100px !important;background: #eaeaea url(https:\/\/pellas.ch\/wp-content\/uploads\/2026\/04\/C-Faber-1.png?id=5484) !important;background-position: center !important;background-repeat: no-repeat !important;background-size: cover !important;}&#8221;][vc_empty_space height=&#8221;300px&#8221;][vc_empty_space height=&#8221;200px&#8221; el_class=&#8221;hidden-xs hidden-sm hidden-md&#8221;][vc_empty_space height=&#8221;100px&#8221; el_class=&#8221;hidden-xs&#8221;][vc_empty_space [&hellip;]<\/p>\n","protected":false},"author":1,"featured_media":0,"parent":0,"menu_order":2,"comment_status":"closed","ping_status":"closed","template":"","meta":{"_acf_changed":false,"footnotes":""},"class_list":["post-4916","page","type-page","status-publish","hentry"],"acf":[],"publishpress_future_action":{"enabled":false,"date":"2026-04-13 12:51:12","action":"change-status","newStatus":"draft","terms":[],"taxonomy":"translation_priority","extraData":[]},"publishpress_future_workflow_manual_trigger":{"enabledWorkflows":[]},"_links":{"self":[{"href":"https:\/\/pellas.ch\/en\/wp-json\/wp\/v2\/pages\/4916","targetHints":{"allow":["GET"]}}],"collection":[{"href":"https:\/\/pellas.ch\/en\/wp-json\/wp\/v2\/pages"}],"about":[{"href":"https:\/\/pellas.ch\/en\/wp-json\/wp\/v2\/types\/page"}],"author":[{"embeddable":true,"href":"https:\/\/pellas.ch\/en\/wp-json\/wp\/v2\/users\/1"}],"replies":[{"embeddable":true,"href":"https:\/\/pellas.ch\/en\/wp-json\/wp\/v2\/comments?post=4916"}],"version-history":[{"count":7,"href":"https:\/\/pellas.ch\/en\/wp-json\/wp\/v2\/pages\/4916\/revisions"}],"predecessor-version":[{"id":5486,"href":"https:\/\/pellas.ch\/en\/wp-json\/wp\/v2\/pages\/4916\/revisions\/5486"}],"wp:attachment":[{"href":"https:\/\/pellas.ch\/en\/wp-json\/wp\/v2\/media?parent=4916"}],"curies":[{"name":"wp","href":"https:\/\/api.w.org\/{rel}","templated":true}]}}